{"id":2781,"date":"2024-04-23T20:15:18","date_gmt":"2024-04-23T17:15:18","guid":{"rendered":"https:\/\/webdevstudio.ro\/?page_id=2781"},"modified":"2025-03-13T13:21:25","modified_gmt":"2025-03-13T11:21:25","slug":"cookies","status":"publish","type":"page","link":"https:\/\/webdevstudio.ro\/en\/cookies\/","title":{"rendered":"Cookies"},"content":{"rendered":"<div data-elementor-type=\"wp-page\" data-elementor-id=\"2781\" class=\"elementor elementor-2781\">\n\t\t\t\t\t\t<section class=\"elementor-section elementor-top-section elementor-element elementor-element-1b84d60 elementor-section-boxed elementor-section-height-default elementor-section-height-default\" data-id=\"1b84d60\" data-element_type=\"section\" data-settings=\"{&quot;background_background&quot;:&quot;classic&quot;}\">\n\t\t\t\t\t\t\t<div class=\"elementor-background-overlay\"><\/div>\n\t\t\t\t\t\t\t<div class=\"elementor-container elementor-column-gap-default\">\n\t\t\t\t\t<div class=\"elementor-column elementor-col-100 elementor-top-column elementor-element elementor-element-9f5db79\" data-id=\"9f5db79\" data-element_type=\"column\">\n\t\t\t<div class=\"elementor-widget-wrap elementor-element-populated\">\n\t\t\t\t\t\t<div class=\"elementor-element elementor-element-5caeb9b elementor-widget elementor-widget-heading\" data-id=\"5caeb9b\" data-element_type=\"widget\" data-widget_type=\"heading.default\">\n\t\t\t\t<div class=\"elementor-widget-container\">\n\t\t\t<h1 class=\"elementor-heading-title elementor-size-default\">Cookies<\/h1>\t\t<\/div>\n\t\t\t\t<\/div>\n\t\t\t\t\t<\/div>\n\t\t<\/div>\n\t\t\t\t\t<\/div>\n\t\t<\/section>\n\t\t\t\t<section class=\"elementor-section elementor-top-section elementor-element elementor-element-6bec382 elementor-section-boxed elementor-section-height-default elementor-section-height-default\" data-id=\"6bec382\" data-element_type=\"section\">\n\t\t\t\t\t\t<div class=\"elementor-container elementor-column-gap-default\">\n\t\t\t\t\t<div class=\"elementor-column elementor-col-100 elementor-top-column elementor-element elementor-element-d7e4c54\" data-id=\"d7e4c54\" data-element_type=\"column\">\n\t\t\t<div class=\"elementor-widget-wrap elementor-element-populated\">\n\t\t\t\t\t\t<div class=\"elementor-element elementor-element-7b474b8 elementor-widget elementor-widget-text-editor\" data-id=\"7b474b8\" data-element_type=\"widget\" data-widget_type=\"text-editor.default\">\n\t\t\t\t<div class=\"elementor-widget-container\">\n\t\t\t\t\t\t\t<p class=\"p1\">Politica de Cookies<\/p><p class=\"p1\">Acest website folose\u0219te cookies pentru a v\u0103 oferi cea mai bun\u0103 experien\u021b\u0103 online posibil\u0103 \u0219i pentru a ne ajuta s\u0103 \u00een\u021belegem cum interac\u021biona\u021bi cu site-ul nostru. Prin continuarea utiliz\u0103rii acestui website, sunte\u021bi de acord cu utilizarea cookie-urilor conform acestei politici.<\/p><p class=\"p1\"><b>Ce sunt cookie-urile?<\/b><\/p><p class=\"p1\">Cookie-urile sunt mici fi\u0219iere de text care sunt stocate pe computerul sau dispozitivul dvs. mobil atunci c\u00e2nd vizita\u021bi un site web. Ele sunt folosite pentru a face experien\u021ba online mai eficient\u0103, de exemplu, pentru a v\u0103 re\u021bine preferin\u021bele de navigare sau pentru a v\u0103 oferi con\u021binut relevant.<\/p><p class=\"p1\"><b>Cum folosim cookie-urile? Cookie-urile pot fi folosite pentru:<\/b><\/p><p class=\"p1\">1. Func\u021bionalitatea site-ului: Cookie-urile sunt esen\u021biale pentru func\u021bionarea corect\u0103 a website-ului nostru. Acestea v\u0103 permit s\u0103 naviga\u021bi pe site \u0219i s\u0103 utiliza\u021bi func\u021biile sale, cum ar fi accesul la zonele securizate.<\/p><p class=\"p1\">2. Analize: Folosim cookie-uri pentru a colecta informa\u021bii anonime despre modul \u00een care vizitatorii utilizeaz\u0103 site-ul nostru. Aceste informa\u021bii ne ajut\u0103 s\u0103 \u00een\u021belegem cum putem \u00eembun\u0103t\u0103\u021bi site-ul pentru a v\u0103 oferi o experien\u021b\u0103 mai bun\u0103.<\/p><p class=\"p1\">3. Personalizarea con\u021binutului: Cookie-urile ne ajut\u0103 s\u0103 v\u0103 oferim con\u021binut \u0219i reclame relevante pentru interesele dvs. Acestea pot fi cookie-uri proprii sau cookie-uri plasate de ter\u021be p\u0103r\u021bi, cum ar fi re\u021belele de socializare.<\/p><p class=\"p1\"><b>Tipuri de cookie-uri folosite:<\/b><\/p><p class=\"p1\">1. Cookie-uri de sesiune: Acestea sunt cookie-uri temporare care sunt \u0219terse automat c\u00e2nd \u00eenchide\u021bi browser-ul web.<\/p><p class=\"p1\">2. Cookie-uri persistente: Acestea r\u0103m\u00e2n pe dispozitivul dvs. pentru o perioad\u0103 mai lung\u0103 de timp sau p\u00e2n\u0103 c\u00e2nd le \u0219terge\u021bi manual. Acestea ne ajut\u0103 s\u0103 v\u0103 recunoa\u0219tem c\u00e2nd reveni\u021bi pe site-ul nostru.<\/p><p class=\"p1\">3. Cookie-uri proprii: Acestea sunt setate de c\u0103tre website-ul nostru \u0219i sunt utilizate exclusiv de c\u0103tre noi \u00een scopurile men\u021bionate mai sus.<\/p><p class=\"p1\">4. Cookie-uri de ter\u021be p\u0103r\u021bi: Acestea sunt setate de c\u0103tre ter\u021be p\u0103r\u021bi, cum ar fi partenerii no\u0219tri de publicitate sau analiz\u0103, pentru a ne ajuta s\u0103 \u00een\u021belegem cum utiliza\u021bi site-ul nostru \u0219i pentru a v\u0103 oferi con\u021binut \u0219i reclame relevante.<\/p><p class=\"p1\"><b>Cum pute\u021bi controla cookie-urile?<\/b><\/p><p class=\"p1\">Pute\u021bi controla \u0219i\/sau \u0219terge cookie-urile dup\u0103 cum dori\u021bi. Pentru detalii, consulta\u021bi sec\u021biunea de ajutor a browser-ului dvs. web. Re\u021bine\u021bi c\u0103 \u0219tergerea sau blocarea cookie-urilor poate afecta experien\u021ba dvs. pe website-ul nostru \u0219i pe alte site-uri web.<\/p><p class=\"p1\">Prin continuarea utiliz\u0103rii website-ului nostru, sunte\u021bi de acord cu utilizarea cookie-urilor conform acestei politici. Dac\u0103 ave\u021bi \u00eentreb\u0103ri sau nel\u0103muriri cu privire la politica noastr\u0103 de cookie-uri, v\u0103 rug\u0103m s\u0103 ne contacta\u021bi.<\/p><p class=\"p1\">Aceast\u0103 politic\u0103 de cookie-uri poate fi actualizat\u0103 periodic pentru a reflecta schimb\u0103rile \u00een practicile noastre sau \u00een legisla\u021bia aplicabil\u0103.<\/p>\t\t\t\t\t\t<\/div>\n\t\t\t\t<\/div>\n\t\t\t\t\t<\/div>\n\t\t<\/div>\n\t\t\t\t\t<\/div>\n\t\t<\/section>\n\t\t\t\t<\/div>","protected":false},"excerpt":{"rendered":"<p>Cookies Politica de Cookies Acest website folose\u0219te cookies pentru a v\u0103 oferi cea mai bun\u0103 experien\u021b\u0103 online posibil\u0103 \u0219i pentru a ne ajuta s\u0103 \u00een\u021belegem cum interac\u021biona\u021bi cu site-ul nostru. Prin continuarea utiliz\u0103rii acestui website, sunte\u021bi de acord cu utilizarea cookie-urilor conform acestei politici. Ce sunt cookie-urile? Cookie-urile sunt mici fi\u0219iere de text care sunt [&hellip;]<\/p>","protected":false},"author":2,"featured_media":0,"parent":0,"menu_order":0,"comment_status":"closed","ping_status":"closed","template":"elementor_header_footer","meta":{"footnotes":""},"class_list":["post-2781","page","type-page","status-publish","hentry"],"_links":{"self":[{"href":"https:\/\/webdevstudio.ro\/en\/wp-json\/wp\/v2\/pages\/2781","targetHints":{"allow":["GET"]}}],"collection":[{"href":"https:\/\/webdevstudio.ro\/en\/wp-json\/wp\/v2\/pages"}],"about":[{"href":"https:\/\/webdevstudio.ro\/en\/wp-json\/wp\/v2\/types\/page"}],"author":[{"embeddable":true,"href":"https:\/\/webdevstudio.ro\/en\/wp-json\/wp\/v2\/users\/2"}],"replies":[{"embeddable":true,"href":"https:\/\/webdevstudio.ro\/en\/wp-json\/wp\/v2\/comments?post=2781"}],"version-history":[{"count":5,"href":"https:\/\/webdevstudio.ro\/en\/wp-json\/wp\/v2\/pages\/2781\/revisions"}],"predecessor-version":[{"id":2790,"href":"https:\/\/webdevstudio.ro\/en\/wp-json\/wp\/v2\/pages\/2781\/revisions\/2790"}],"wp:attachment":[{"href":"https:\/\/webdevstudio.ro\/en\/wp-json\/wp\/v2\/media?parent=2781"}],"curies":[{"name":"wp","href":"https:\/\/api.w.org\/{rel}","templated":true}]}}